{"id":830,"date":"2023-10-03T16:50:13","date_gmt":"2023-10-03T14:50:13","guid":{"rendered":"https:\/\/newsportgame.com\/?page_id=830"},"modified":"2023-10-03T17:18:16","modified_gmt":"2023-10-03T15:18:16","slug":"mentions-legales","status":"publish","type":"page","link":"https:\/\/newsportgame.com\/?page_id=830","title":{"rendered":"Mentions l\u00e9gales"},"content":{"rendered":"\t\t<div data-elementor-type=\"wp-page\" data-elementor-id=\"830\" class=\"elementor elementor-830\" data-elementor-post-type=\"page\">\n\t\t\t\t\t\t<section class=\"elementor-section elementor-top-section elementor-element elementor-element-0fda64a elementor-section-boxed elementor-section-height-default elementor-section-height-default\" data-id=\"0fda64a\" data-element_type=\"section\" data-e-type=\"section\">\n\t\t\t\t\t\t<div class=\"elementor-container elementor-column-gap-default\">\n\t\t\t\t\t<div class=\"elementor-column elementor-col-100 elementor-top-column elementor-element elementor-element-d767d35\" data-id=\"d767d35\" data-element_type=\"column\" data-e-type=\"column\">\n\t\t\t<div class=\"elementor-widget-wrap elementor-element-populated\">\n\t\t\t\t\t\t<div class=\"elementor-element elementor-element-2a40d58 elementor-widget elementor-widget-text-editor\" data-id=\"2a40d58\" data-element_type=\"widget\" data-e-type=\"widget\" data-widget_type=\"text-editor.default\">\n\t\t\t\t<div class=\"elementor-widget-container\">\n\t\t\t\t\t\t\t\t\t<div class=\"page\" title=\"Page 1\">\n<div class=\"layoutArea\">\n<div class=\"column\">\n<p>Mentions le\u0301gales<\/p>\n<p>En vigueur au 18\/10\/2023<\/p>\n<p>Conforme\u0301ment aux dispositions des Articles 6-III et 19 de la Loi n\u00b02004-575 du 21 juin 2004 pour la Confiance dans l\u2019e\u0301conomie nume\u0301rique, dite L.C.E.N., il est porte\u0301 a\u0300 la connaissance des utilisateurs et visiteurs, ci-apre\u0300s l\u00a0\u00bb\u00a0\u00bbUtilisateur\u00a0\u00bb, du site https:\/\/newsportgame.com\/ , ci-apre\u0300s le \u00ab\u00a0Site\u00a0\u00bb, les pre\u0301sentes mentions le\u0301gales.<\/p>\n<p>La connexion et la navigation sur le Site par l\u2019Utilisateur implique acceptation inte\u0301grale et sans re\u0301serve des pre\u0301sentes mentions le\u0301gales.<\/p>\n<p>Ces dernie\u0300res sont accessibles sur le Site a\u0300 la rubrique \u00ab Mentions le\u0301gales \u00bb. ARTICLE 1 &#8211; L&rsquo;EDITEUR<\/p>\n<p>L\u2019e\u0301dition et la direction de la publication du Site est assure\u0301e par Anne Sai\u0308dou, domicilie\u0301e 88 rue Lacroix 59100 Roubaix, dont le nume\u0301ro de te\u0301le\u0301phone est 0782370700, et l&rsquo;adresse e-mail contact@newsportgame.com.<\/p>\n<p>ci-apre\u0300s l'\u00a0\u00bbEditeur\u00a0\u00bb.<\/p>\n<p>ARTICLE 2 &#8211; L&rsquo;HEBERGEUR<\/p>\n<p>L&rsquo;he\u0301bergeur du Site est la socie\u0301te\u0301 OVHcloud, dont le sie\u0300ge social est situe\u0301 au 2 rue Kellermann &#8211; 59100 Roubaix &#8211; France , avec le nume\u0301ro de te\u0301le\u0301phone : 0972101007 + adresse mail de contact<\/p>\n<p>ARTICLE 3 &#8211; ACCES AU SITE<\/p>\n<p>Le Site est accessible en tout endroit, 7j\/7, 24h\/24 sauf cas de force majeure, interruption programme\u0301e ou non et pouvant de\u0301coulant d\u2019une ne\u0301cessite\u0301 de maintenance.<\/p>\n<p>En cas de modification, interruption ou suspension du Site, l&rsquo;Editeur ne saurait e\u0302tre tenu responsable.<\/p>\n<p>ARTICLE 4 &#8211; COLLECTE DES DONNEES<\/p>\n<p>Le site est exempte\u0301 de de\u0301claration a\u0300 la Commission Nationale Informatique et Liberte\u0301s (CNIL) dans la mesure ou\u0300 il ne collecte aucune donne\u0301e concernant les utilisateurs.<\/p>\n<p>Toute utilisation, reproduction, diffusion, commercialisation, modification de toute ou partie du Site, sans autorisation de l\u2019Editeur est prohibe\u0301e et pourra entrai\u0302ne\u0301e des actions et poursuites judiciaires telles que notamment pre\u0301vues par le Code de la proprie\u0301te\u0301 intellectuelle et le Code civil.<\/p><\/div><\/div>\n<\/div>\t\t\t\t\t\t\t\t<\/div>\n\t\t\t\t<\/div>\n\t\t\t\t\t<\/div>\n\t\t<\/div>\n\t\t\t\t\t<\/div>\n\t\t<\/section>\n\t\t\t\t<\/div>\n\t\t","protected":false},"excerpt":{"rendered":"<p>Mentions le\u0301gales En vigueur au 18\/10\/2023 Conforme\u0301ment aux dispositions des Articles 6-III et 19 de la Loi n\u00b02004-575 du 21 juin 2004 pour la Confiance dans l\u2019e\u0301conomie nume\u0301rique, dite L.C.E.N., il est porte\u0301 a\u0300 la connaissance des utilisateurs et visiteurs, ci-apre\u0300s l\u00a0\u00bb\u00a0\u00bbUtilisateur\u00a0\u00bb, du site https:\/\/newsportgame.com\/ , ci-apre\u0300s le \u00ab\u00a0Site\u00a0\u00bb, les pre\u0301sentes mentions le\u0301gales. La connexion [&hellip;]<\/p>\n","protected":false},"author":1,"featured_media":0,"parent":0,"menu_order":0,"comment_status":"closed","ping_status":"closed","template":"","meta":{"footnotes":""},"class_list":["post-830","page","type-page","status-publish","hentry"],"yoast_head":"<!-- This site is optimized with the Yoast SEO plugin v21.4 - https:\/\/yoast.com\/wordpress\/plugins\/seo\/ -->\n<title>Mentions l\u00e9gales - NEW SPORT GAME<\/title>\n<meta name=\"robots\" content=\"index, follow, max-snippet:-1, max-image-preview:large, max-video-preview:-1\" \/>\n<link rel=\"canonical\" href=\"https:\/\/newsportgame.com\/?page_id=830\" \/>\n<meta property=\"og:locale\" content=\"fr_FR\" \/>\n<meta property=\"og:type\" content=\"article\" \/>\n<meta property=\"og:title\" content=\"Mentions l\u00e9gales - NEW SPORT GAME\" \/>\n<meta property=\"og:description\" content=\"Mentions le\u0301gales En vigueur au 18\/10\/2023 Conforme\u0301ment aux dispositions des Articles 6-III et 19 de la Loi n\u00b02004-575 du 21 juin 2004 pour la Confiance dans l\u2019e\u0301conomie nume\u0301rique, dite L.C.E.N., il est porte\u0301 a\u0300 la connaissance des utilisateurs et visiteurs, ci-apre\u0300s l\u00a0\u00bb\u00a0\u00bbUtilisateur\u00a0\u00bb, du site https:\/\/newsportgame.com\/ , ci-apre\u0300s le \u00ab\u00a0Site\u00a0\u00bb, les pre\u0301sentes mentions le\u0301gales. La connexion [&hellip;]\" \/>\n<meta property=\"og:url\" content=\"https:\/\/newsportgame.com\/?page_id=830\" \/>\n<meta property=\"og:site_name\" content=\"NEW SPORT GAME\" \/>\n<meta property=\"article:modified_time\" content=\"2023-10-03T15:18:16+00:00\" \/>\n<meta name=\"twitter:card\" content=\"summary_large_image\" \/>\n<meta name=\"twitter:label1\" content=\"Dur\u00e9e de lecture estim\u00e9e\" \/>\n\t<meta name=\"twitter:data1\" content=\"2 minutes\" \/>\n<script type=\"application\/ld+json\" class=\"yoast-schema-graph\">{\"@context\":\"https:\/\/schema.org\",\"@graph\":[{\"@type\":\"WebPage\",\"@id\":\"https:\/\/newsportgame.com\/?page_id=830\",\"url\":\"https:\/\/newsportgame.com\/?page_id=830\",\"name\":\"Mentions l\u00e9gales - NEW SPORT GAME\",\"isPartOf\":{\"@id\":\"https:\/\/newsportgame.com\/#website\"},\"datePublished\":\"2023-10-03T14:50:13+00:00\",\"dateModified\":\"2023-10-03T15:18:16+00:00\",\"breadcrumb\":{\"@id\":\"https:\/\/newsportgame.com\/?page_id=830#breadcrumb\"},\"inLanguage\":\"fr-FR\",\"potentialAction\":[{\"@type\":\"ReadAction\",\"target\":[\"https:\/\/newsportgame.com\/?page_id=830\"]}]},{\"@type\":\"BreadcrumbList\",\"@id\":\"https:\/\/newsportgame.com\/?page_id=830#breadcrumb\",\"itemListElement\":[{\"@type\":\"ListItem\",\"position\":1,\"name\":\"Accueil\",\"item\":\"https:\/\/newsportgame.com\/\"},{\"@type\":\"ListItem\",\"position\":2,\"name\":\"Mentions l\u00e9gales\"}]},{\"@type\":\"WebSite\",\"@id\":\"https:\/\/newsportgame.com\/#website\",\"url\":\"https:\/\/newsportgame.com\/\",\"name\":\"NEW SPORT GAME\",\"description\":\"D\u00e9couvrez une nouvelle mani\u00e8re de vous d\u00e9pensez\",\"publisher\":{\"@id\":\"https:\/\/newsportgame.com\/#organization\"},\"potentialAction\":[{\"@type\":\"SearchAction\",\"target\":{\"@type\":\"EntryPoint\",\"urlTemplate\":\"https:\/\/newsportgame.com\/?s={search_term_string}\"},\"query-input\":\"required name=search_term_string\"}],\"inLanguage\":\"fr-FR\"},{\"@type\":\"Organization\",\"@id\":\"https:\/\/newsportgame.com\/#organization\",\"name\":\"NEW SPORT GAME\",\"url\":\"https:\/\/newsportgame.com\/\",\"logo\":{\"@type\":\"ImageObject\",\"inLanguage\":\"fr-FR\",\"@id\":\"https:\/\/newsportgame.com\/#\/schema\/logo\/image\/\",\"url\":\"https:\/\/newsportgame.com\/wp-content\/uploads\/2023\/01\/cropped-Logo-New-Sport-Game-1.jpg\",\"contentUrl\":\"https:\/\/newsportgame.com\/wp-content\/uploads\/2023\/01\/cropped-Logo-New-Sport-Game-1.jpg\",\"width\":860,\"height\":246,\"caption\":\"NEW SPORT GAME\"},\"image\":{\"@id\":\"https:\/\/newsportgame.com\/#\/schema\/logo\/image\/\"}}]}<\/script>\n<!-- \/ Yoast SEO plugin. -->","yoast_head_json":{"title":"Mentions l\u00e9gales - NEW SPORT GAME","robots":{"index":"index","follow":"follow","max-snippet":"max-snippet:-1","max-image-preview":"max-image-preview:large","max-video-preview":"max-video-preview:-1"},"canonical":"https:\/\/newsportgame.com\/?page_id=830","og_locale":"fr_FR","og_type":"article","og_title":"Mentions l\u00e9gales - NEW SPORT GAME","og_description":"Mentions le\u0301gales En vigueur au 18\/10\/2023 Conforme\u0301ment aux dispositions des Articles 6-III et 19 de la Loi n\u00b02004-575 du 21 juin 2004 pour la Confiance dans l\u2019e\u0301conomie nume\u0301rique, dite L.C.E.N., il est porte\u0301 a\u0300 la connaissance des utilisateurs et visiteurs, ci-apre\u0300s l\u00a0\u00bb\u00a0\u00bbUtilisateur\u00a0\u00bb, du site https:\/\/newsportgame.com\/ , ci-apre\u0300s le \u00ab\u00a0Site\u00a0\u00bb, les pre\u0301sentes mentions le\u0301gales. La connexion [&hellip;]","og_url":"https:\/\/newsportgame.com\/?page_id=830","og_site_name":"NEW SPORT GAME","article_modified_time":"2023-10-03T15:18:16+00:00","twitter_card":"summary_large_image","twitter_misc":{"Dur\u00e9e de lecture estim\u00e9e":"2 minutes"},"schema":{"@context":"https:\/\/schema.org","@graph":[{"@type":"WebPage","@id":"https:\/\/newsportgame.com\/?page_id=830","url":"https:\/\/newsportgame.com\/?page_id=830","name":"Mentions l\u00e9gales - NEW SPORT GAME","isPartOf":{"@id":"https:\/\/newsportgame.com\/#website"},"datePublished":"2023-10-03T14:50:13+00:00","dateModified":"2023-10-03T15:18:16+00:00","breadcrumb":{"@id":"https:\/\/newsportgame.com\/?page_id=830#breadcrumb"},"inLanguage":"fr-FR","potentialAction":[{"@type":"ReadAction","target":["https:\/\/newsportgame.com\/?page_id=830"]}]},{"@type":"BreadcrumbList","@id":"https:\/\/newsportgame.com\/?page_id=830#breadcrumb","itemListElement":[{"@type":"ListItem","position":1,"name":"Accueil","item":"https:\/\/newsportgame.com\/"},{"@type":"ListItem","position":2,"name":"Mentions l\u00e9gales"}]},{"@type":"WebSite","@id":"https:\/\/newsportgame.com\/#website","url":"https:\/\/newsportgame.com\/","name":"NEW SPORT GAME","description":"D\u00e9couvrez une nouvelle mani\u00e8re de vous d\u00e9pensez","publisher":{"@id":"https:\/\/newsportgame.com\/#organization"},"potentialAction":[{"@type":"SearchAction","target":{"@type":"EntryPoint","urlTemplate":"https:\/\/newsportgame.com\/?s={search_term_string}"},"query-input":"required name=search_term_string"}],"inLanguage":"fr-FR"},{"@type":"Organization","@id":"https:\/\/newsportgame.com\/#organization","name":"NEW SPORT GAME","url":"https:\/\/newsportgame.com\/","logo":{"@type":"ImageObject","inLanguage":"fr-FR","@id":"https:\/\/newsportgame.com\/#\/schema\/logo\/image\/","url":"https:\/\/newsportgame.com\/wp-content\/uploads\/2023\/01\/cropped-Logo-New-Sport-Game-1.jpg","contentUrl":"https:\/\/newsportgame.com\/wp-content\/uploads\/2023\/01\/cropped-Logo-New-Sport-Game-1.jpg","width":860,"height":246,"caption":"NEW SPORT GAME"},"image":{"@id":"https:\/\/newsportgame.com\/#\/schema\/logo\/image\/"}}]}},"_links":{"self":[{"href":"https:\/\/newsportgame.com\/index.php?rest_route=\/wp\/v2\/pages\/830","targetHints":{"allow":["GET"]}}],"collection":[{"href":"https:\/\/newsportgame.com\/index.php?rest_route=\/wp\/v2\/pages"}],"about":[{"href":"https:\/\/newsportgame.com\/index.php?rest_route=\/wp\/v2\/types\/page"}],"author":[{"embeddable":true,"href":"https:\/\/newsportgame.com\/index.php?rest_route=\/wp\/v2\/users\/1"}],"replies":[{"embeddable":true,"href":"https:\/\/newsportgame.com\/index.php?rest_route=%2Fwp%2Fv2%2Fcomments&post=830"}],"version-history":[{"count":4,"href":"https:\/\/newsportgame.com\/index.php?rest_route=\/wp\/v2\/pages\/830\/revisions"}],"predecessor-version":[{"id":834,"href":"https:\/\/newsportgame.com\/index.php?rest_route=\/wp\/v2\/pages\/830\/revisions\/834"}],"wp:attachment":[{"href":"https:\/\/newsportgame.com\/index.php?rest_route=%2Fwp%2Fv2%2Fmedia&parent=830"}],"curies":[{"name":"wp","href":"https:\/\/api.w.org\/{rel}","templated":true}]}}